{"id":64,"date":"2025-04-14T16:46:18","date_gmt":"2025-04-14T14:46:18","guid":{"rendered":"https:\/\/centrescaf.com\/blog\/"},"modified":"2025-06-02T19:25:05","modified_gmt":"2025-06-02T17:25:05","slug":"blog","status":"publish","type":"page","link":"https:\/\/centrescaf.com\/en\/blog\/","title":{"rendered":"Blog"},"content":{"rendered":"\t\t<div data-elementor-type=\"wp-page\" data-elementor-id=\"64\" class=\"elementor elementor-64 elementor-62\" data-elementor-post-type=\"page\">\n\t\t\t\t<div class=\"elementor-element elementor-element-0c861c6 e-flex e-con-boxed e-con e-parent\" data-id=\"0c861c6\" data-element_type=\"container\" data-settings=\"{&quot;background_background&quot;:&quot;classic&quot;,&quot;jet_parallax_layout_list&quot;:[]}\">\n\t\t\t\t\t<div class=\"e-con-inner\">\n\t\t\t\t<div class=\"elementor-element elementor-element-978024e elementor-widget elementor-widget-heading\" data-id=\"978024e\" data-element_type=\"widget\" data-widget_type=\"heading.default\">\n\t\t\t\t<div class=\"elementor-widget-container\">\n\t\t\t\t\t<h1 class=\"elementor-heading-title elementor-size-default\">Blog<\/h1>\t\t\t\t<\/div>\n\t\t\t\t<\/div>\n\t\t\t\t\t<\/div>\n\t\t\t\t<\/div>\n\t\t<div class=\"elementor-element elementor-element-c4ae762 e-flex e-con-boxed e-con e-parent\" data-id=\"c4ae762\" data-element_type=\"container\" data-settings=\"{&quot;jet_parallax_layout_list&quot;:[]}\">\n\t\t\t\t\t<div class=\"e-con-inner\">\n\t\t\t\t<div class=\"elementor-element elementor-element-ac2e689 elementor-widget elementor-widget-image\" data-id=\"ac2e689\" data-element_type=\"widget\" data-widget_type=\"image.default\">\n\t\t\t\t<div class=\"elementor-widget-container\">\n\t\t\t\t\t\t\t\t\t\t\t\t\t\t\t<img fetchpriority=\"high\" decoding=\"async\" width=\"600\" height=\"600\" src=\"https:\/\/centrescaf.com\/wp-content\/uploads\/2025\/04\/ico-caf-blog-gris.png\" class=\"attachment-full size-full wp-image-1443\" alt=\"\" srcset=\"https:\/\/centrescaf.com\/wp-content\/uploads\/2025\/04\/ico-caf-blog-gris.png 600w, https:\/\/centrescaf.com\/wp-content\/uploads\/2025\/04\/ico-caf-blog-gris-300x300.png 300w, https:\/\/centrescaf.com\/wp-content\/uploads\/2025\/04\/ico-caf-blog-gris-150x150.png 150w\" sizes=\"(max-width: 600px) 100vw, 600px\" \/>\t\t\t\t\t\t\t\t\t\t\t\t\t\t\t<\/div>\n\t\t\t\t<\/div>\n\t\t\t\t\t<\/div>\n\t\t\t\t<\/div>\n\t\t<div class=\"elementor-element elementor-element-6c4295b e-flex e-con-boxed e-con e-parent\" data-id=\"6c4295b\" data-element_type=\"container\" data-settings=\"{&quot;jet_parallax_layout_list&quot;:[]}\">\n\t\t\t\t\t<div class=\"e-con-inner\">\n\t\t\t\t<div class=\"elementor-element elementor-element-76bd7c4 elementor-widget elementor-widget-jet-posts\" data-id=\"76bd7c4\" data-element_type=\"widget\" data-settings=\"{&quot;columns&quot;:&quot;3&quot;,&quot;slides_to_scroll&quot;:&quot;1&quot;}\" data-widget_type=\"jet-posts.default\">\n\t\t\t\t<div class=\"elementor-widget-container\">\n\t\t\t\t\t<div class=\"elementor-jet-posts jet-elements\"><div class=\"jet-posts col-row  jet-equal-cols\"><div class=\"jet-posts__item\">\n\t<div class=\"jet-posts__inner-box\"><div class=\"post-thumbnail\"><a href=\"https:\/\/centrescaf.com\/en\/a-new-vision-of-fibromyalgia-syndrome-generalized-fasciopathy-and-the-role-of-the-pms-technique\/\" class=\"post-thumbnail__link\"><img loading=\"lazy\" decoding=\"async\" class=\"post-thumbnail__img wp-post-image\" src=\"https:\/\/centrescaf.com\/wp-content\/uploads\/2025\/04\/fibromialgia.jpg\" alt=\"A new vision of fibromyalgia syndrome: generalized fasciopathy and the role of the PMS technique\" loading=\"lazy\" width=\"1024\" height=\"1024\"><\/a><\/div><div class=\"jet-posts__inner-content\"><h2 class=\"entry-title\"><a href=\"https:\/\/centrescaf.com\/en\/a-new-vision-of-fibromyalgia-syndrome-generalized-fasciopathy-and-the-role-of-the-pms-technique\/\" target=\"\">A new vision of fibromyalgia syndrome: generalized fasciopathy and the role of the PMS technique<\/a><\/h2><div class=\"post-meta\"><span class=\"post__date post-meta__item\"><a href=\"https:\/\/centrescaf.com\/en\/2025\/04\/24\/\"  class=\"post__date-link\" ><time datetime=\"2025-04-24T09:50:32+02:00\" title=\"2025-04-24T09:50:32+02:00\">24 de April de 2025<\/time><\/a><\/span><\/div><div class=\"entry-excerpt\">Why fibromyalgia is not a disease, but a syndrome? The term disease refers to an alteration of the body that has a known cause, a predictable evolution, and a specific&hellip;<\/div><div class=\"jet-more-wrap\"><a href=\"https:\/\/centrescaf.com\/en\/a-new-vision-of-fibromyalgia-syndrome-generalized-fasciopathy-and-the-role-of-the-pms-technique\/\" class=\"btn btn-primary elementor-button elementor-size-md jet-more\" target=\"\"><span class=\"btn__text\">Llegir +<\/span><\/a><\/div><\/div><\/div>\n<\/div>\n<div class=\"jet-posts__item\">\n\t<div class=\"jet-posts__inner-box\"><div class=\"post-thumbnail\"><a href=\"https:\/\/centrescaf.com\/en\/what-they-dont-tell-you-when-prescribing-opioids\/\" class=\"post-thumbnail__link\"><img loading=\"lazy\" decoding=\"async\" class=\"post-thumbnail__img wp-post-image\" src=\"https:\/\/centrescaf.com\/wp-content\/uploads\/2025\/04\/Imatge-blog-2.jpg\" alt=\"What they don\u2019t tell you when prescribing opioids\" loading=\"lazy\" width=\"800\" height=\"800\"><\/a><\/div><div class=\"jet-posts__inner-content\"><h2 class=\"entry-title\"><a href=\"https:\/\/centrescaf.com\/en\/what-they-dont-tell-you-when-prescribing-opioids\/\" target=\"\">What they don\u2019t tell you when prescribing opioids<\/a><\/h2><div class=\"post-meta\"><span class=\"post__date post-meta__item\"><a href=\"https:\/\/centrescaf.com\/en\/2025\/04\/23\/\"  class=\"post__date-link\" ><time datetime=\"2025-04-23T18:40:32+02:00\" title=\"2025-04-23T18:40:32+02:00\">23 de April de 2025<\/time><\/a><\/span><\/div><div class=\"entry-excerpt\">Every year, thousands of people start taking opioids to relieve pain. Many of them do not know that what begins as a temporary solution can end up being a chronic&hellip;<\/div><div class=\"jet-more-wrap\"><a href=\"https:\/\/centrescaf.com\/en\/what-they-dont-tell-you-when-prescribing-opioids\/\" class=\"btn btn-primary elementor-button elementor-size-md jet-more\" target=\"\"><span class=\"btn__text\">Llegir +<\/span><\/a><\/div><\/div><\/div>\n<\/div>\n<div class=\"jet-posts__item\">\n\t<div class=\"jet-posts__inner-box\"><div class=\"post-thumbnail\"><a href=\"https:\/\/centrescaf.com\/en\/a-new-way-to-understand-chronic-pain-that-will-change-everything\/\" class=\"post-thumbnail__link\"><img loading=\"lazy\" decoding=\"async\" class=\"post-thumbnail__img wp-post-image\" src=\"https:\/\/centrescaf.com\/wp-content\/uploads\/2025\/04\/dolor-cronic-1536x1536.jpg\" alt=\"A new way to understand chronic pain that will change everything\" loading=\"lazy\" width=\"1536\" height=\"1536\"><\/a><\/div><div class=\"jet-posts__inner-content\"><h2 class=\"entry-title\"><a href=\"https:\/\/centrescaf.com\/en\/a-new-way-to-understand-chronic-pain-that-will-change-everything\/\" target=\"\">A new way to understand chronic pain that will change everything<\/a><\/h2><div class=\"post-meta\"><span class=\"post__date post-meta__item\"><a href=\"https:\/\/centrescaf.com\/en\/2025\/04\/23\/\"  class=\"post__date-link\" ><time datetime=\"2025-04-23T14:44:12+02:00\" title=\"2025-04-23T14:44:12+02:00\">23 de April de 2025<\/time><\/a><\/span><\/div><div class=\"entry-excerpt\">Chronic pain affects millions of people worldwide and remains one of the major causes of human suffering yet to be resolved by medical sciences. Despite advances in imaging diagnostics, pharmacology,&hellip;<\/div><div class=\"jet-more-wrap\"><a href=\"https:\/\/centrescaf.com\/en\/a-new-way-to-understand-chronic-pain-that-will-change-everything\/\" class=\"btn btn-primary elementor-button elementor-size-md jet-more\" target=\"\"><span class=\"btn__text\">Llegir +<\/span><\/a><\/div><\/div><\/div>\n<\/div>\n<\/div>\n<\/div>\t\t\t\t<\/div>\n\t\t\t\t<\/div>\n\t\t\t\t\t<\/div>\n\t\t\t\t<\/div>\n\t\t\t\t<\/div>\n\t\t","protected":false},"excerpt":{"rendered":"<p>Blog Una nueva visi\u00f3n del s\u00edndrome fibromi\u00e1lgico: la fasciopat\u00eda generalizada y el papel de la t\u00e9cnica PMS 24 d&#8217;abril de 2025\u00bfPor qu\u00e9 la fibromialgia no es una enfermedad, sino un s\u00edndrome? El t\u00e9rmino enfermedad se refiere a una alteraci\u00f3n del organismo que tiene una causa conocida, una evoluci\u00f3n previsible y&hellip;Llegir + Lo que no te [&hellip;]<\/p>\n","protected":false},"author":1,"featured_media":0,"parent":0,"menu_order":8,"comment_status":"closed","ping_status":"closed","template":"","meta":{"_acf_changed":false,"footnotes":""},"class_list":["post-64","page","type-page","status-publish","hentry"],"acf":[],"_links":{"self":[{"href":"https:\/\/centrescaf.com\/en\/wp-json\/wp\/v2\/pages\/64","targetHints":{"allow":["GET"]}}],"collection":[{"href":"https:\/\/centrescaf.com\/en\/wp-json\/wp\/v2\/pages"}],"about":[{"href":"https:\/\/centrescaf.com\/en\/wp-json\/wp\/v2\/types\/page"}],"author":[{"embeddable":true,"href":"https:\/\/centrescaf.com\/en\/wp-json\/wp\/v2\/users\/1"}],"replies":[{"embeddable":true,"href":"https:\/\/centrescaf.com\/en\/wp-json\/wp\/v2\/comments?post=64"}],"version-history":[{"count":11,"href":"https:\/\/centrescaf.com\/en\/wp-json\/wp\/v2\/pages\/64\/revisions"}],"predecessor-version":[{"id":1830,"href":"https:\/\/centrescaf.com\/en\/wp-json\/wp\/v2\/pages\/64\/revisions\/1830"}],"wp:attachment":[{"href":"https:\/\/centrescaf.com\/en\/wp-json\/wp\/v2\/media?parent=64"}],"curies":[{"name":"wp","href":"https:\/\/api.w.org\/{rel}","templated":true}]}}