{"id":1523,"date":"2025-04-23T18:49:28","date_gmt":"2025-04-23T16:49:28","guid":{"rendered":"https:\/\/centrescaf.com\/preus-dels-tractaments\/"},"modified":"2025-04-24T11:47:58","modified_gmt":"2025-04-24T09:47:58","slug":"precios-de-los-tratamientos","status":"publish","type":"page","link":"https:\/\/centrescaf.com\/es\/precios-de-los-tratamientos\/","title":{"rendered":"Precios de los tratamientos"},"content":{"rendered":"\t\t<div data-elementor-type=\"wp-page\" data-elementor-id=\"1523\" class=\"elementor elementor-1523 elementor-1368\" data-elementor-post-type=\"page\">\n\t\t\t\t<div class=\"elementor-element elementor-element-fab4719 e-flex e-con-boxed e-con e-parent\" data-id=\"fab4719\" data-element_type=\"container\" data-settings=\"{&quot;background_background&quot;:&quot;classic&quot;,&quot;jet_parallax_layout_list&quot;:[]}\">\n\t\t\t\t\t<div class=\"e-con-inner\">\n\t\t\t\t<div class=\"elementor-element elementor-element-51d9d11 elementor-widget elementor-widget-heading\" data-id=\"51d9d11\" data-element_type=\"widget\" data-widget_type=\"heading.default\">\n\t\t\t\t<div class=\"elementor-widget-container\">\n\t\t\t\t\t<h1 class=\"elementor-heading-title elementor-size-default\">\u00bfCu\u00e1les son los precios de los tratamientos?<\/h1>\t\t\t\t<\/div>\n\t\t\t\t<\/div>\n\t\t\t\t\t<\/div>\n\t\t\t\t<\/div>\n\t\t<div class=\"elementor-element elementor-element-76bbeee e-flex e-con-boxed e-con e-parent\" data-id=\"76bbeee\" data-element_type=\"container\" data-settings=\"{&quot;jet_parallax_layout_list&quot;:[]}\">\n\t\t\t\t\t<div class=\"e-con-inner\">\n\t\t\t\t<div class=\"elementor-element elementor-element-84f2244 elementor-widget elementor-widget-image\" data-id=\"84f2244\" data-element_type=\"widget\" data-widget_type=\"image.default\">\n\t\t\t\t<div class=\"elementor-widget-container\">\n\t\t\t\t\t\t\t\t\t\t\t\t\t\t\t<img fetchpriority=\"high\" decoding=\"async\" width=\"600\" height=\"600\" src=\"https:\/\/centrescaf.com\/wp-content\/uploads\/2025\/04\/ico-caf-4.png\" class=\"attachment-full size-full wp-image-237\" alt=\"\" srcset=\"https:\/\/centrescaf.com\/wp-content\/uploads\/2025\/04\/ico-caf-4.png 600w, https:\/\/centrescaf.com\/wp-content\/uploads\/2025\/04\/ico-caf-4-300x300.png 300w, https:\/\/centrescaf.com\/wp-content\/uploads\/2025\/04\/ico-caf-4-150x150.png 150w\" sizes=\"(max-width: 600px) 100vw, 600px\" \/>\t\t\t\t\t\t\t\t\t\t\t\t\t\t\t<\/div>\n\t\t\t\t<\/div>\n\t\t\t\t\t<\/div>\n\t\t\t\t<\/div>\n\t\t<div class=\"elementor-element elementor-element-1408788 e-flex e-con-boxed e-con e-parent\" data-id=\"1408788\" data-element_type=\"container\" data-settings=\"{&quot;jet_parallax_layout_list&quot;:[]}\">\n\t\t\t\t\t<div class=\"e-con-inner\">\n\t\t<div class=\"elementor-element elementor-element-0a34e8c e-con-full e-flex e-con e-child\" data-id=\"0a34e8c\" data-element_type=\"container\" data-settings=\"{&quot;jet_parallax_layout_list&quot;:[]}\">\n\t\t\t\t<div class=\"elementor-element elementor-element-f8fcfcd elementor-widget elementor-widget-text-editor\" data-id=\"f8fcfcd\" data-element_type=\"widget\" data-widget_type=\"text-editor.default\">\n\t\t\t\t<div class=\"elementor-widget-container\">\n\t\t\t\t\t\t\t\t\t<h4><strong>Precio de la sesi\u00f3n en los Centros CAF<\/strong><\/h4><p>El precio de una sesi\u00f3n en los Centros CAF es de <strong>60 euros<\/strong> .<\/p><p>Cada sesi\u00f3n incluye:<\/p><ul><li>Una anamnesis detallada, para entender mejor tu caso y s\u00edntomas.<\/li><li>Una valoraci\u00f3n funcional y una exploraci\u00f3n f\u00edsica orientadas a detectar signos de fasciopat\u00eda superficial congestiva.<\/li><li>La aplicaci\u00f3n de la t\u00e9cnica <strong>PMS\u00ae<\/strong> (Punci\u00f3n Multipunto Subcut\u00e1nea).<\/li><\/ul>\t\t\t\t\t\t\t\t<\/div>\n\t\t\t\t<\/div>\n\t\t\t\t<div class=\"elementor-element elementor-element-1ba82ba elementor-widget elementor-widget-text-editor\" data-id=\"1ba82ba\" data-element_type=\"widget\" data-widget_type=\"text-editor.default\">\n\t\t\t\t<div class=\"elementor-widget-container\">\n\t\t\t\t\t\t\t\t\t<p>La duraci\u00f3n aproximada de la sesi\u00f3n es de entre <strong>30 y 45 minutos<\/strong> , seg\u00fan la complejidad del caso.<\/p><p>En casos de <strong>s\u00edndrome fibromi\u00e1lgico<\/strong> u otras formas de <strong>dolor cr\u00f3nico<\/strong> que pueden requerir un mayor n\u00famero de sesiones, ofrecemos <strong>abonos de 4 sesiones por un precio total de 160 euros<\/strong> . Este formato permite reducir el coste de cada sesi\u00f3n a <strong>40 euros<\/strong> , favoreciendo as\u00ed un seguimiento terap\u00e9utico continuado y accesible.<\/p><p>Adem\u00e1s, en CAF Sabadell ofrecemos la posibilidad de complementar el tratamiento con sesiones de ejercicio terap\u00e9utico individualizado con un fisioterapeuta. Los precios de este servicio se consultan en funci\u00f3n del n\u00famero de sesiones contratadas.<\/p>\t\t\t\t\t\t\t\t<\/div>\n\t\t\t\t<\/div>\n\t\t\t\t<\/div>\n\t\t<div class=\"elementor-element elementor-element-a2bb97b e-con-full e-flex e-con e-child\" data-id=\"a2bb97b\" data-element_type=\"container\" data-settings=\"{&quot;jet_parallax_layout_list&quot;:[]}\">\n\t\t\t\t<div class=\"elementor-element elementor-element-3456a74 elementor-widget elementor-widget-image\" data-id=\"3456a74\" data-element_type=\"widget\" data-widget_type=\"image.default\">\n\t\t\t\t<div class=\"elementor-widget-container\">\n\t\t\t\t\t\t\t\t\t\t\t\t\t\t\t<img decoding=\"async\" width=\"1024\" height=\"1024\" src=\"https:\/\/centrescaf.com\/wp-content\/uploads\/2025\/04\/preus.jpg\" class=\"attachment-full size-full wp-image-1391\" alt=\"\" srcset=\"https:\/\/centrescaf.com\/wp-content\/uploads\/2025\/04\/preus.jpg 1024w, https:\/\/centrescaf.com\/wp-content\/uploads\/2025\/04\/preus-300x300.jpg 300w, https:\/\/centrescaf.com\/wp-content\/uploads\/2025\/04\/preus-150x150.jpg 150w, https:\/\/centrescaf.com\/wp-content\/uploads\/2025\/04\/preus-768x768.jpg 768w\" sizes=\"(max-width: 1024px) 100vw, 1024px\" \/>\t\t\t\t\t\t\t\t\t\t\t\t\t\t\t<\/div>\n\t\t\t\t<\/div>\n\t\t\t\t<\/div>\n\t\t\t\t\t<\/div>\n\t\t\t\t<\/div>\n\t\t\t\t<\/div>\n\t\t","protected":false},"excerpt":{"rendered":"<p>\u00bfCu\u00e1les son los precios de los tratamientos? Precio de la sesi\u00f3n en los Centros CAF El precio de una sesi\u00f3n en los Centros CAF es de 60 euros . Cada sesi\u00f3n incluye: Una anamnesis detallada, para entender mejor tu caso y s\u00edntomas. Una valoraci\u00f3n funcional y una exploraci\u00f3n f\u00edsica orientadas a detectar signos de fasciopat\u00eda [&hellip;]<\/p>\n","protected":false},"author":1,"featured_media":0,"parent":0,"menu_order":10,"comment_status":"closed","ping_status":"closed","template":"","meta":{"_acf_changed":false,"footnotes":""},"class_list":["post-1523","page","type-page","status-publish","hentry"],"acf":[],"_links":{"self":[{"href":"https:\/\/centrescaf.com\/es\/wp-json\/wp\/v2\/pages\/1523","targetHints":{"allow":["GET"]}}],"collection":[{"href":"https:\/\/centrescaf.com\/es\/wp-json\/wp\/v2\/pages"}],"about":[{"href":"https:\/\/centrescaf.com\/es\/wp-json\/wp\/v2\/types\/page"}],"author":[{"embeddable":true,"href":"https:\/\/centrescaf.com\/es\/wp-json\/wp\/v2\/users\/1"}],"replies":[{"embeddable":true,"href":"https:\/\/centrescaf.com\/es\/wp-json\/wp\/v2\/comments?post=1523"}],"version-history":[{"count":3,"href":"https:\/\/centrescaf.com\/es\/wp-json\/wp\/v2\/pages\/1523\/revisions"}],"predecessor-version":[{"id":1537,"href":"https:\/\/centrescaf.com\/es\/wp-json\/wp\/v2\/pages\/1523\/revisions\/1537"}],"wp:attachment":[{"href":"https:\/\/centrescaf.com\/es\/wp-json\/wp\/v2\/media?parent=1523"}],"curies":[{"name":"wp","href":"https:\/\/api.w.org\/{rel}","templated":true}]}}