{"id":29,"date":"2025-04-14T16:38:01","date_gmt":"2025-04-14T14:38:01","guid":{"rendered":"https:\/\/centrescaf.com\/que-fa-unic-el-caf\/"},"modified":"2025-04-24T12:22:15","modified_gmt":"2025-04-24T10:22:15","slug":"que-hace-unico-al-caf","status":"publish","type":"page","link":"https:\/\/centrescaf.com\/es\/que-hace-unico-al-caf\/","title":{"rendered":"\u00bfQu\u00e9 hace \u00fanico al CAF?"},"content":{"rendered":"\t\t<div data-elementor-type=\"wp-page\" data-elementor-id=\"29\" class=\"elementor elementor-29 elementor-26\" data-elementor-post-type=\"page\">\n\t\t\t\t<div class=\"elementor-element elementor-element-f267da3 e-flex e-con-boxed e-con e-parent\" data-id=\"f267da3\" data-element_type=\"container\" data-settings=\"{&quot;background_background&quot;:&quot;classic&quot;,&quot;jet_parallax_layout_list&quot;:[]}\">\n\t\t\t\t\t<div class=\"e-con-inner\">\n\t\t\t\t<div class=\"elementor-element elementor-element-9aa7c52 elementor-widget elementor-widget-heading\" data-id=\"9aa7c52\" data-element_type=\"widget\" data-widget_type=\"heading.default\">\n\t\t\t\t<div class=\"elementor-widget-container\">\n\t\t\t\t\t<h1 class=\"elementor-heading-title elementor-size-default\">\u00bfQu\u00e9 hace \u00fanico al CAF?<\/h1>\t\t\t\t<\/div>\n\t\t\t\t<\/div>\n\t\t\t\t\t<\/div>\n\t\t\t\t<\/div>\n\t\t<div class=\"elementor-element elementor-element-2ac9290 e-flex e-con-boxed e-con e-parent\" data-id=\"2ac9290\" data-element_type=\"container\" data-settings=\"{&quot;jet_parallax_layout_list&quot;:[]}\">\n\t\t\t\t\t<div class=\"e-con-inner\">\n\t\t\t\t<div class=\"elementor-element elementor-element-d9a1fe5 elementor-widget elementor-widget-image\" data-id=\"d9a1fe5\" data-element_type=\"widget\" data-widget_type=\"image.default\">\n\t\t\t\t<div class=\"elementor-widget-container\">\n\t\t\t\t\t\t\t\t\t\t\t\t\t\t\t<img fetchpriority=\"high\" decoding=\"async\" width=\"600\" height=\"600\" src=\"https:\/\/centrescaf.com\/wp-content\/uploads\/2025\/04\/ico-caf-1.png\" class=\"attachment-full size-full wp-image-228\" alt=\"\" srcset=\"https:\/\/centrescaf.com\/wp-content\/uploads\/2025\/04\/ico-caf-1.png 600w, https:\/\/centrescaf.com\/wp-content\/uploads\/2025\/04\/ico-caf-1-300x300.png 300w, https:\/\/centrescaf.com\/wp-content\/uploads\/2025\/04\/ico-caf-1-150x150.png 150w\" sizes=\"(max-width: 600px) 100vw, 600px\" \/>\t\t\t\t\t\t\t\t\t\t\t\t\t\t\t<\/div>\n\t\t\t\t<\/div>\n\t\t\t\t<div class=\"elementor-element elementor-element-49916c0 elementor-widget elementor-widget-heading\" data-id=\"49916c0\" data-element_type=\"widget\" data-widget_type=\"heading.default\">\n\t\t\t\t<div class=\"elementor-widget-container\">\n\t\t\t\t\t<h2 class=\"elementor-heading-title elementor-size-default\">Conf\u00eda en nosotros tu dolor: descubre qu\u00e9 hace \u00fanico al CAF<\/h2>\t\t\t\t<\/div>\n\t\t\t\t<\/div>\n\t\t\t\t\t<\/div>\n\t\t\t\t<\/div>\n\t\t<div class=\"elementor-element elementor-element-ebf9d1c e-flex e-con-boxed e-con e-parent\" data-id=\"ebf9d1c\" data-element_type=\"container\" data-settings=\"{&quot;jet_parallax_layout_list&quot;:[]}\">\n\t\t\t\t\t<div class=\"e-con-inner\">\n\t\t\t\t<div class=\"elementor-element elementor-element-3652131 elementor-widget elementor-widget-heading\" data-id=\"3652131\" data-element_type=\"widget\" data-widget_type=\"heading.default\">\n\t\t\t\t<div class=\"elementor-widget-container\">\n\t\t\t\t\t<h2 class=\"elementor-heading-title elementor-size-default\">Las razones clave que hacen \u00fanico al <b>CAF<\/b>:<\/h2>\t\t\t\t<\/div>\n\t\t\t\t<\/div>\n\t\t\t\t\t<\/div>\n\t\t\t\t<\/div>\n\t\t<div class=\"elementor-element elementor-element-676cdf8 e-flex e-con-boxed e-con e-parent\" data-id=\"676cdf8\" data-element_type=\"container\" data-settings=\"{&quot;jet_parallax_layout_list&quot;:[]}\">\n\t\t\t\t\t<div class=\"e-con-inner\">\n\t\t\t\t<div class=\"elementor-element elementor-element-d9b5db7 elementor-widget elementor-widget-heading\" data-id=\"d9b5db7\" data-element_type=\"widget\" data-widget_type=\"heading.default\">\n\t\t\t\t<div class=\"elementor-widget-container\">\n\t\t\t\t\t<h2 class=\"elementor-heading-title elementor-size-default\">1. Porque representa un concepto innovador<\/h2>\t\t\t\t<\/div>\n\t\t\t\t<\/div>\n\t\t\t\t<div class=\"elementor-element elementor-element-21451ba elementor-widget elementor-widget-text-editor\" data-id=\"21451ba\" data-element_type=\"widget\" data-widget_type=\"text-editor.default\">\n\t\t\t\t<div class=\"elementor-widget-container\">\n\t\t\t\t\t\t\t\t\t<p>El <strong>CAF (Centro de Atenci\u00f3n a la Fasciopat\u00eda)<\/strong> se dedica a un concepto pionero en medicina: l<strong>a fasciopat\u00eda, que es la disfunci\u00f3n de la fascia superficial<\/strong>. Aunque es un t\u00e9rmino poco conocido, tiene un gran potencial para el futuro en la comprensi\u00f3n y tratamiento del dolor cr\u00f3nico. Nos especializamos en este tejido fundamental para el movimiento y la funci\u00f3n corporal, que a menudo es la causa a\u00fan no identificada de muchos trastornos dolorosos.<\/p>\t\t\t\t\t\t\t\t<\/div>\n\t\t\t\t<\/div>\n\t\t\t\t\t<\/div>\n\t\t\t\t<\/div>\n\t\t<div class=\"elementor-element elementor-element-5d98149 elementor-hidden-mobile e-flex e-con-boxed e-con e-parent\" data-id=\"5d98149\" data-element_type=\"container\" data-settings=\"{&quot;jet_parallax_layout_list&quot;:[]}\">\n\t\t\t\t\t<div class=\"e-con-inner\">\n\t\t\t\t<div class=\"elementor-element elementor-element-442c461 elementor-widget-divider--view-line elementor-widget elementor-widget-divider\" data-id=\"442c461\" data-element_type=\"widget\" data-widget_type=\"divider.default\">\n\t\t\t\t<div class=\"elementor-widget-container\">\n\t\t\t\t\t\t\t<div class=\"elementor-divider\">\n\t\t\t<span class=\"elementor-divider-separator\">\n\t\t\t\t\t\t<\/span>\n\t\t<\/div>\n\t\t\t\t\t\t<\/div>\n\t\t\t\t<\/div>\n\t\t\t\t\t<\/div>\n\t\t\t\t<\/div>\n\t\t<div class=\"elementor-element elementor-element-449024f e-flex e-con-boxed e-con e-parent\" data-id=\"449024f\" data-element_type=\"container\" data-settings=\"{&quot;jet_parallax_layout_list&quot;:[]}\">\n\t\t\t\t\t<div class=\"e-con-inner\">\n\t\t<div class=\"elementor-element elementor-element-e409b62 e-con-full e-flex e-con e-child\" data-id=\"e409b62\" data-element_type=\"container\" data-settings=\"{&quot;jet_parallax_layout_list&quot;:[]}\">\n\t\t\t\t<div class=\"elementor-element elementor-element-5fdafee elementor-widget elementor-widget-heading\" data-id=\"5fdafee\" data-element_type=\"widget\" data-widget_type=\"heading.default\">\n\t\t\t\t<div class=\"elementor-widget-container\">\n\t\t\t\t\t<h2 class=\"elementor-heading-title elementor-size-default\">2. Porque solo tratamos fasciopat\u00edas<\/h2>\t\t\t\t<\/div>\n\t\t\t\t<\/div>\n\t\t\t\t<div class=\"elementor-element elementor-element-0ec7f42 elementor-widget elementor-widget-text-editor\" data-id=\"0ec7f42\" data-element_type=\"widget\" data-widget_type=\"text-editor.default\">\n\t\t\t\t<div class=\"elementor-widget-container\">\n\t\t\t\t\t\t\t\t\t<p>A diferencia de otros centros que abordan m\u00faltiples condiciones, el <strong>CAF<\/strong> se enfoca exclusivamente en la fasciopat\u00eda superficial, ofreciendo un abordaje claro, especializado y transparente.<\/p>\t\t\t\t\t\t\t\t<\/div>\n\t\t\t\t<\/div>\n\t\t\t\t<\/div>\n\t\t<div class=\"elementor-element elementor-element-286c181 e-con-full e-flex e-con e-child\" data-id=\"286c181\" data-element_type=\"container\" data-settings=\"{&quot;jet_parallax_layout_list&quot;:[]}\">\n\t\t\t\t<div class=\"elementor-element elementor-element-1e26e22 elementor-widget elementor-widget-heading\" data-id=\"1e26e22\" data-element_type=\"widget\" data-widget_type=\"heading.default\">\n\t\t\t\t<div class=\"elementor-widget-container\">\n\t\t\t\t\t<h2 class=\"elementor-heading-title elementor-size-default\">3. Porque utilizamos una \u00fanica t\u00e9cnica terap\u00e9utica<\/h2>\t\t\t\t<\/div>\n\t\t\t\t<\/div>\n\t\t\t\t<div class=\"elementor-element elementor-element-9a9a846 elementor-widget elementor-widget-text-editor\" data-id=\"9a9a846\" data-element_type=\"widget\" data-widget_type=\"text-editor.default\">\n\t\t\t\t<div class=\"elementor-widget-container\">\n\t\t\t\t\t\t\t\t\t<p>El <strong>CAF<\/strong> utiliza exclusivamente la t\u00e9cnica PMS (Punci\u00f3n Multipunto Subcut\u00e1nea), un m\u00e9todo m\u00ednimamente invasivo, no farmacol\u00f3gico, con baja iatrogenia y muy bien tolerado por los pacientes.<\/p>\t\t\t\t\t\t\t\t<\/div>\n\t\t\t\t<\/div>\n\t\t\t\t<\/div>\n\t\t\t\t\t<\/div>\n\t\t\t\t<\/div>\n\t\t<div class=\"elementor-element elementor-element-761df1e elementor-hidden-mobile e-flex e-con-boxed e-con e-parent\" data-id=\"761df1e\" data-element_type=\"container\" data-settings=\"{&quot;jet_parallax_layout_list&quot;:[]}\">\n\t\t\t\t\t<div class=\"e-con-inner\">\n\t\t\t\t<div class=\"elementor-element elementor-element-da9a057 elementor-widget-divider--view-line elementor-widget elementor-widget-divider\" data-id=\"da9a057\" data-element_type=\"widget\" data-widget_type=\"divider.default\">\n\t\t\t\t<div class=\"elementor-widget-container\">\n\t\t\t\t\t\t\t<div class=\"elementor-divider\">\n\t\t\t<span class=\"elementor-divider-separator\">\n\t\t\t\t\t\t<\/span>\n\t\t<\/div>\n\t\t\t\t\t\t<\/div>\n\t\t\t\t<\/div>\n\t\t\t\t\t<\/div>\n\t\t\t\t<\/div>\n\t\t<div class=\"elementor-element elementor-element-4bec141 e-flex e-con-boxed e-con e-parent\" data-id=\"4bec141\" data-element_type=\"container\" data-settings=\"{&quot;jet_parallax_layout_list&quot;:[]}\">\n\t\t\t\t\t<div class=\"e-con-inner\">\n\t\t<div class=\"elementor-element elementor-element-46263f7 e-con-full e-flex e-con e-child\" data-id=\"46263f7\" data-element_type=\"container\" data-settings=\"{&quot;jet_parallax_layout_list&quot;:[]}\">\n\t\t\t\t<div class=\"elementor-element elementor-element-ea2c84a elementor-widget elementor-widget-heading\" data-id=\"ea2c84a\" data-element_type=\"widget\" data-widget_type=\"heading.default\">\n\t\t\t\t<div class=\"elementor-widget-container\">\n\t\t\t\t\t<h2 class=\"elementor-heading-title elementor-size-default\">4. Porque obtenemos resultados inmediatos<\/h2>\t\t\t\t<\/div>\n\t\t\t\t<\/div>\n\t\t\t\t<div class=\"elementor-element elementor-element-eb33845 elementor-widget elementor-widget-text-editor\" data-id=\"eb33845\" data-element_type=\"widget\" data-widget_type=\"text-editor.default\">\n\t\t\t\t<div class=\"elementor-widget-container\">\n\t\t\t\t\t\t\t\t\t<p>Con la t\u00e9cnica PMS, 8 de cada 10 pacientes experimentan una mejora significativa desde la primera sesi\u00f3n, lo que hace del <strong>CAF<\/strong> una opci\u00f3n r\u00e1pida y altamente efectiva.<\/p>\t\t\t\t\t\t\t\t<\/div>\n\t\t\t\t<\/div>\n\t\t\t\t<\/div>\n\t\t<div class=\"elementor-element elementor-element-beeb4de e-con-full e-flex e-con e-child\" data-id=\"beeb4de\" data-element_type=\"container\" data-settings=\"{&quot;jet_parallax_layout_list&quot;:[]}\">\n\t\t\t\t<div class=\"elementor-element elementor-element-c1d10db elementor-widget elementor-widget-heading\" data-id=\"c1d10db\" data-element_type=\"widget\" data-widget_type=\"heading.default\">\n\t\t\t\t<div class=\"elementor-widget-container\">\n\t\t\t\t\t<h2 class=\"elementor-heading-title elementor-size-default\">5. Porque el proceso est\u00e1 guiado por el paciente<\/h2>\t\t\t\t<\/div>\n\t\t\t\t<\/div>\n\t\t\t\t<div class=\"elementor-element elementor-element-1109ac5 elementor-widget elementor-widget-text-editor\" data-id=\"1109ac5\" data-element_type=\"widget\" data-widget_type=\"text-editor.default\">\n\t\t\t\t<div class=\"elementor-widget-container\">\n\t\t\t\t\t\t\t\t\t<p>En el <strong>CAF<\/strong>, el paciente indica d\u00f3nde experimenta dolor o limitaci\u00f3n funcional, y esas zonas se convierten en el foco inicial del tratamiento, situando al paciente en el centro del proceso terap\u00e9utico.<\/p>\t\t\t\t\t\t\t\t<\/div>\n\t\t\t\t<\/div>\n\t\t\t\t<\/div>\n\t\t\t\t\t<\/div>\n\t\t\t\t<\/div>\n\t\t<div class=\"elementor-element elementor-element-3d9c217 elementor-hidden-mobile e-flex e-con-boxed e-con e-parent\" data-id=\"3d9c217\" data-element_type=\"container\" data-settings=\"{&quot;jet_parallax_layout_list&quot;:[]}\">\n\t\t\t\t\t<div class=\"e-con-inner\">\n\t\t\t\t<div class=\"elementor-element elementor-element-95f7e42 elementor-widget-divider--view-line elementor-widget elementor-widget-divider\" data-id=\"95f7e42\" data-element_type=\"widget\" data-widget_type=\"divider.default\">\n\t\t\t\t<div class=\"elementor-widget-container\">\n\t\t\t\t\t\t\t<div class=\"elementor-divider\">\n\t\t\t<span class=\"elementor-divider-separator\">\n\t\t\t\t\t\t<\/span>\n\t\t<\/div>\n\t\t\t\t\t\t<\/div>\n\t\t\t\t<\/div>\n\t\t\t\t\t<\/div>\n\t\t\t\t<\/div>\n\t\t<div class=\"elementor-element elementor-element-f89cbc3 e-flex e-con-boxed e-con e-parent\" data-id=\"f89cbc3\" data-element_type=\"container\" data-settings=\"{&quot;jet_parallax_layout_list&quot;:[]}\">\n\t\t\t\t\t<div class=\"e-con-inner\">\n\t\t<div class=\"elementor-element elementor-element-201b858 e-con-full e-flex e-con e-child\" data-id=\"201b858\" data-element_type=\"container\" data-settings=\"{&quot;jet_parallax_layout_list&quot;:[]}\">\n\t\t\t\t<div class=\"elementor-element elementor-element-46f0392 elementor-widget elementor-widget-heading\" data-id=\"46f0392\" data-element_type=\"widget\" data-widget_type=\"heading.default\">\n\t\t\t\t<div class=\"elementor-widget-container\">\n\t\t\t\t\t<h2 class=\"elementor-heading-title elementor-size-default\">6. Porque hacemos exploraci\u00f3n f\u00edsica manual<\/h2>\t\t\t\t<\/div>\n\t\t\t\t<\/div>\n\t\t\t\t<div class=\"elementor-element elementor-element-cde178a elementor-widget elementor-widget-text-editor\" data-id=\"cde178a\" data-element_type=\"widget\" data-widget_type=\"text-editor.default\">\n\t\t\t\t<div class=\"elementor-widget-container\">\n\t\t\t\t\t\t\t\t\t<p>Nuestros terapeutas realizan una exploraci\u00f3n manual mediante la palpaci\u00f3n, una herramienta diagn\u00f3stica esencial que establece un contacto directo y cercano con el paciente, algo muy valorado especialmente en el tratamiento del dolor cr\u00f3nico.<\/p>\t\t\t\t\t\t\t\t<\/div>\n\t\t\t\t<\/div>\n\t\t\t\t<\/div>\n\t\t<div class=\"elementor-element elementor-element-14958f9 e-con-full e-flex e-con e-child\" data-id=\"14958f9\" data-element_type=\"container\" data-settings=\"{&quot;jet_parallax_layout_list&quot;:[]}\">\n\t\t\t\t<div class=\"elementor-element elementor-element-f6ee906 elementor-widget elementor-widget-heading\" data-id=\"f6ee906\" data-element_type=\"widget\" data-widget_type=\"heading.default\">\n\t\t\t\t<div class=\"elementor-widget-container\">\n\t\t\t\t\t<h2 class=\"elementor-heading-title elementor-size-default\">7. Porque somos accesibles<\/h2>\t\t\t\t<\/div>\n\t\t\t\t<\/div>\n\t\t\t\t<div class=\"elementor-element elementor-element-094a0b6 elementor-widget elementor-widget-text-editor\" data-id=\"094a0b6\" data-element_type=\"widget\" data-widget_type=\"text-editor.default\">\n\t\t\t\t<div class=\"elementor-widget-container\">\n\t\t\t\t\t\t\t\t\t<p>Con una tarifa clara de 60 euros por sesi\u00f3n de entre 30 y 60 minutos y una media de solo 3 sesiones necesarias, el <strong>CAF<\/strong> permite al paciente planificar y asumir el coste de su tratamiento de forma accesible y transparente.<\/p>\t\t\t\t\t\t\t\t<\/div>\n\t\t\t\t<\/div>\n\t\t\t\t<\/div>\n\t\t\t\t\t<\/div>\n\t\t\t\t<\/div>\n\t\t\t\t<\/div>\n\t\t","protected":false},"excerpt":{"rendered":"<p>\u00bfQu\u00e9 hace \u00fanico al CAF? Conf\u00eda en nosotros tu dolor: descubre qu\u00e9 hace \u00fanico al CAF Las razones clave que hacen \u00fanico al CAF: 1. Porque representa un concepto innovador El CAF (Centro de Atenci\u00f3n a la Fasciopat\u00eda) se dedica a un concepto pionero en medicina: la fasciopat\u00eda, que es la disfunci\u00f3n de la fascia [&hellip;]<\/p>\n","protected":false},"author":1,"featured_media":0,"parent":0,"menu_order":2,"comment_status":"closed","ping_status":"closed","template":"","meta":{"_acf_changed":false,"footnotes":""},"class_list":["post-29","page","type-page","status-publish","hentry"],"acf":[],"_links":{"self":[{"href":"https:\/\/centrescaf.com\/es\/wp-json\/wp\/v2\/pages\/29","targetHints":{"allow":["GET"]}}],"collection":[{"href":"https:\/\/centrescaf.com\/es\/wp-json\/wp\/v2\/pages"}],"about":[{"href":"https:\/\/centrescaf.com\/es\/wp-json\/wp\/v2\/types\/page"}],"author":[{"embeddable":true,"href":"https:\/\/centrescaf.com\/es\/wp-json\/wp\/v2\/users\/1"}],"replies":[{"embeddable":true,"href":"https:\/\/centrescaf.com\/es\/wp-json\/wp\/v2\/comments?post=29"}],"version-history":[{"count":53,"href":"https:\/\/centrescaf.com\/es\/wp-json\/wp\/v2\/pages\/29\/revisions"}],"predecessor-version":[{"id":1553,"href":"https:\/\/centrescaf.com\/es\/wp-json\/wp\/v2\/pages\/29\/revisions\/1553"}],"wp:attachment":[{"href":"https:\/\/centrescaf.com\/es\/wp-json\/wp\/v2\/media?parent=29"}],"curies":[{"name":"wp","href":"https:\/\/api.w.org\/{rel}","templated":true}]}}