{"id":35,"date":"2025-04-14T16:38:56","date_gmt":"2025-04-14T14:38:56","guid":{"rendered":"https:\/\/centrescaf.com\/quin-tipus-de-dolor-tractem-al-caf\/"},"modified":"2025-04-24T12:30:59","modified_gmt":"2025-04-24T10:30:59","slug":"que-tipo-de-dolor-tratamos-en-el-caf","status":"publish","type":"page","link":"https:\/\/centrescaf.com\/es\/que-tipo-de-dolor-tratamos-en-el-caf\/","title":{"rendered":"\u00bfQu\u00e9 tipo de dolor tratamos en el CAF?"},"content":{"rendered":"\t\t<div data-elementor-type=\"wp-page\" data-elementor-id=\"35\" class=\"elementor elementor-35 elementor-32\" data-elementor-post-type=\"page\">\n\t\t\t\t<div class=\"elementor-element elementor-element-ccce28a e-flex e-con-boxed e-con e-parent\" data-id=\"ccce28a\" data-element_type=\"container\" data-settings=\"{&quot;background_background&quot;:&quot;classic&quot;,&quot;jet_parallax_layout_list&quot;:[]}\">\n\t\t\t\t\t<div class=\"e-con-inner\">\n\t\t\t\t<div class=\"elementor-element elementor-element-c0bf288 elementor-widget elementor-widget-heading\" data-id=\"c0bf288\" data-element_type=\"widget\" data-widget_type=\"heading.default\">\n\t\t\t\t<div class=\"elementor-widget-container\">\n\t\t\t\t\t<h1 class=\"elementor-heading-title elementor-size-default\">\u00bfQu\u00e9 tipo de dolor tratamos en el CAF?<\/h1>\t\t\t\t<\/div>\n\t\t\t\t<\/div>\n\t\t\t\t\t<\/div>\n\t\t\t\t<\/div>\n\t\t<div class=\"elementor-element elementor-element-1f46f24 e-flex e-con-boxed e-con e-parent\" data-id=\"1f46f24\" data-element_type=\"container\" data-settings=\"{&quot;jet_parallax_layout_list&quot;:[]}\">\n\t\t\t\t\t<div class=\"e-con-inner\">\n\t\t\t\t<div class=\"elementor-element elementor-element-e92db76 elementor-widget elementor-widget-image\" data-id=\"e92db76\" data-element_type=\"widget\" data-widget_type=\"image.default\">\n\t\t\t\t<div class=\"elementor-widget-container\">\n\t\t\t\t\t\t\t\t\t\t\t\t\t\t\t<img fetchpriority=\"high\" decoding=\"async\" width=\"600\" height=\"600\" src=\"https:\/\/centrescaf.com\/wp-content\/uploads\/2025\/04\/ico-caf-2.png\" class=\"attachment-full size-full wp-image-231\" alt=\"\" srcset=\"https:\/\/centrescaf.com\/wp-content\/uploads\/2025\/04\/ico-caf-2.png 600w, https:\/\/centrescaf.com\/wp-content\/uploads\/2025\/04\/ico-caf-2-300x300.png 300w, https:\/\/centrescaf.com\/wp-content\/uploads\/2025\/04\/ico-caf-2-150x150.png 150w\" sizes=\"(max-width: 600px) 100vw, 600px\" \/>\t\t\t\t\t\t\t\t\t\t\t\t\t\t\t<\/div>\n\t\t\t\t<\/div>\n\t\t\t\t<div class=\"elementor-element elementor-element-ec80705 elementor-widget elementor-widget-heading\" data-id=\"ec80705\" data-element_type=\"widget\" data-widget_type=\"heading.default\">\n\t\t\t\t<div class=\"elementor-widget-container\">\n\t\t\t\t\t<h2 class=\"elementor-heading-title elementor-size-default\">Conf\u00eda en nosotros tu dolor: Tratamos cualquier zona del cuerpo<\/h2>\t\t\t\t<\/div>\n\t\t\t\t<\/div>\n\t\t\t\t\t<\/div>\n\t\t\t\t<\/div>\n\t\t<div class=\"elementor-element elementor-element-cd63544 e-flex e-con-boxed e-con e-parent\" data-id=\"cd63544\" data-element_type=\"container\" data-settings=\"{&quot;jet_parallax_layout_list&quot;:[]}\">\n\t\t\t\t\t<div class=\"e-con-inner\">\n\t\t\t\t<div class=\"elementor-element elementor-element-f7082c9 elementor-widget elementor-widget-text-editor\" data-id=\"f7082c9\" data-element_type=\"widget\" data-widget_type=\"text-editor.default\">\n\t\t\t\t<div class=\"elementor-widget-container\">\n\t\t\t\t\t\t\t\t\t<p>En los CAF tratamos el dolor, especialmente el cr\u00f3nico, en cualquier zona del cuerpo. Esto es posible porque la fascia superficial es un tejido que recubre todo el cuerpo, desde la cabeza hasta los dedos de las manos y los pies. Este tejido fascial, esencial para el movimiento y la funci\u00f3n corporal, puede presentar disfunciones en cualquier parte y convertirse en una fasciopat\u00eda, causando dolor y limitaciones.<\/p><p>A continuaci\u00f3n, te mostramos algunas im\u00e1genes de zonas tratadas y tambi\u00e9n respuestas a preguntas frecuentes:<\/p>\t\t\t\t\t\t\t\t<\/div>\n\t\t\t\t<\/div>\n\t\t\t\t\t<\/div>\n\t\t\t\t<\/div>\n\t\t<div class=\"elementor-element elementor-element-09e961e e-flex e-con-boxed e-con e-parent\" data-id=\"09e961e\" data-element_type=\"container\" data-settings=\"{&quot;jet_parallax_layout_list&quot;:[]}\">\n\t\t\t\t\t<div class=\"e-con-inner\">\n\t\t\t\t<div class=\"elementor-element elementor-element-0c6b414 elementor-widget elementor-widget-gallery\" data-id=\"0c6b414\" data-element_type=\"widget\" data-settings=\"{&quot;columns&quot;:8,&quot;columns_tablet&quot;:4,&quot;columns_mobile&quot;:2,&quot;gap&quot;:{&quot;unit&quot;:&quot;px&quot;,&quot;size&quot;:5,&quot;sizes&quot;:[]},&quot;aspect_ratio&quot;:&quot;1:1&quot;,&quot;lazyload&quot;:&quot;yes&quot;,&quot;gallery_layout&quot;:&quot;grid&quot;,&quot;gap_tablet&quot;:{&quot;unit&quot;:&quot;px&quot;,&quot;size&quot;:10,&quot;sizes&quot;:[]},&quot;gap_mobile&quot;:{&quot;unit&quot;:&quot;px&quot;,&quot;size&quot;:10,&quot;sizes&quot;:[]},&quot;content_hover_animation&quot;:&quot;fade-in&quot;}\" data-widget_type=\"gallery.default\">\n\t\t\t\t<div class=\"elementor-widget-container\">\n\t\t\t\t\t\t\t<div class=\"elementor-gallery__container\">\n\t\t\t\t\t\t\t<div class=\"e-gallery-item elementor-gallery-item elementor-animated-content\">\n\t\t\t\t\t<div class=\"e-gallery-image elementor-gallery-item__image\" data-thumbnail=\"https:\/\/centrescaf.com\/wp-content\/uploads\/2025\/04\/zona1.jpg\" data-width=\"320\" data-height=\"320\" aria-label=\"\" role=\"img\" ><\/div>\n\t\t\t\t\t\t\t\t\t\t\t\t\t\t<\/div>\n\t\t\t\t\t\t\t<div class=\"e-gallery-item elementor-gallery-item elementor-animated-content\">\n\t\t\t\t\t<div class=\"e-gallery-image elementor-gallery-item__image\" data-thumbnail=\"https:\/\/centrescaf.com\/wp-content\/uploads\/2025\/04\/zona16.jpg\" data-width=\"320\" data-height=\"320\" aria-label=\"\" role=\"img\" ><\/div>\n\t\t\t\t\t\t\t\t\t\t\t\t\t\t<\/div>\n\t\t\t\t\t\t\t<div class=\"e-gallery-item elementor-gallery-item elementor-animated-content\">\n\t\t\t\t\t<div class=\"e-gallery-image elementor-gallery-item__image\" data-thumbnail=\"https:\/\/centrescaf.com\/wp-content\/uploads\/2025\/04\/zona15.jpg\" data-width=\"320\" data-height=\"320\" aria-label=\"\" role=\"img\" ><\/div>\n\t\t\t\t\t\t\t\t\t\t\t\t\t\t<\/div>\n\t\t\t\t\t\t\t<div class=\"e-gallery-item elementor-gallery-item elementor-animated-content\">\n\t\t\t\t\t<div class=\"e-gallery-image elementor-gallery-item__image\" data-thumbnail=\"https:\/\/centrescaf.com\/wp-content\/uploads\/2025\/04\/zona14.jpg\" data-width=\"320\" data-height=\"320\" aria-label=\"\" role=\"img\" ><\/div>\n\t\t\t\t\t\t\t\t\t\t\t\t\t\t<\/div>\n\t\t\t\t\t\t\t<div class=\"e-gallery-item elementor-gallery-item elementor-animated-content\">\n\t\t\t\t\t<div class=\"e-gallery-image elementor-gallery-item__image\" data-thumbnail=\"https:\/\/centrescaf.com\/wp-content\/uploads\/2025\/04\/zona13.jpg\" data-width=\"320\" data-height=\"320\" aria-label=\"\" role=\"img\" ><\/div>\n\t\t\t\t\t\t\t\t\t\t\t\t\t\t<\/div>\n\t\t\t\t\t\t\t<div class=\"e-gallery-item elementor-gallery-item elementor-animated-content\">\n\t\t\t\t\t<div class=\"e-gallery-image elementor-gallery-item__image\" data-thumbnail=\"https:\/\/centrescaf.com\/wp-content\/uploads\/2025\/04\/zona12.jpg\" data-width=\"320\" data-height=\"320\" aria-label=\"\" role=\"img\" ><\/div>\n\t\t\t\t\t\t\t\t\t\t\t\t\t\t<\/div>\n\t\t\t\t\t\t\t<div class=\"e-gallery-item elementor-gallery-item elementor-animated-content\">\n\t\t\t\t\t<div class=\"e-gallery-image elementor-gallery-item__image\" data-thumbnail=\"https:\/\/centrescaf.com\/wp-content\/uploads\/2025\/04\/zona11.jpg\" data-width=\"320\" data-height=\"320\" aria-label=\"\" role=\"img\" ><\/div>\n\t\t\t\t\t\t\t\t\t\t\t\t\t\t<\/div>\n\t\t\t\t\t\t\t<div class=\"e-gallery-item elementor-gallery-item elementor-animated-content\">\n\t\t\t\t\t<div class=\"e-gallery-image elementor-gallery-item__image\" data-thumbnail=\"https:\/\/centrescaf.com\/wp-content\/uploads\/2025\/04\/zona10.jpg\" data-width=\"320\" data-height=\"320\" aria-label=\"\" role=\"img\" ><\/div>\n\t\t\t\t\t\t\t\t\t\t\t\t\t\t<\/div>\n\t\t\t\t\t\t\t<div class=\"e-gallery-item elementor-gallery-item elementor-animated-content\">\n\t\t\t\t\t<div class=\"e-gallery-image elementor-gallery-item__image\" data-thumbnail=\"https:\/\/centrescaf.com\/wp-content\/uploads\/2025\/04\/zona9.jpg\" data-width=\"320\" data-height=\"320\" aria-label=\"\" role=\"img\" ><\/div>\n\t\t\t\t\t\t\t\t\t\t\t\t\t\t<\/div>\n\t\t\t\t\t\t\t<div class=\"e-gallery-item elementor-gallery-item elementor-animated-content\">\n\t\t\t\t\t<div class=\"e-gallery-image elementor-gallery-item__image\" data-thumbnail=\"https:\/\/centrescaf.com\/wp-content\/uploads\/2025\/04\/zona8.jpg\" data-width=\"320\" data-height=\"320\" aria-label=\"\" role=\"img\" ><\/div>\n\t\t\t\t\t\t\t\t\t\t\t\t\t\t<\/div>\n\t\t\t\t\t\t\t<div class=\"e-gallery-item elementor-gallery-item elementor-animated-content\">\n\t\t\t\t\t<div class=\"e-gallery-image elementor-gallery-item__image\" data-thumbnail=\"https:\/\/centrescaf.com\/wp-content\/uploads\/2025\/04\/zona7.jpg\" data-width=\"320\" data-height=\"320\" aria-label=\"\" role=\"img\" ><\/div>\n\t\t\t\t\t\t\t\t\t\t\t\t\t\t<\/div>\n\t\t\t\t\t\t\t<div class=\"e-gallery-item elementor-gallery-item elementor-animated-content\">\n\t\t\t\t\t<div class=\"e-gallery-image elementor-gallery-item__image\" data-thumbnail=\"https:\/\/centrescaf.com\/wp-content\/uploads\/2025\/04\/zona6.jpg\" data-width=\"320\" data-height=\"320\" aria-label=\"\" role=\"img\" ><\/div>\n\t\t\t\t\t\t\t\t\t\t\t\t\t\t<\/div>\n\t\t\t\t\t\t\t<div class=\"e-gallery-item elementor-gallery-item elementor-animated-content\">\n\t\t\t\t\t<div class=\"e-gallery-image elementor-gallery-item__image\" data-thumbnail=\"https:\/\/centrescaf.com\/wp-content\/uploads\/2025\/04\/zona5.jpg\" data-width=\"320\" data-height=\"320\" aria-label=\"\" role=\"img\" ><\/div>\n\t\t\t\t\t\t\t\t\t\t\t\t\t\t<\/div>\n\t\t\t\t\t\t\t<div class=\"e-gallery-item elementor-gallery-item elementor-animated-content\">\n\t\t\t\t\t<div class=\"e-gallery-image elementor-gallery-item__image\" data-thumbnail=\"https:\/\/centrescaf.com\/wp-content\/uploads\/2025\/04\/zona4.jpg\" data-width=\"320\" data-height=\"320\" aria-label=\"\" role=\"img\" ><\/div>\n\t\t\t\t\t\t\t\t\t\t\t\t\t\t<\/div>\n\t\t\t\t\t\t\t<div class=\"e-gallery-item elementor-gallery-item elementor-animated-content\">\n\t\t\t\t\t<div class=\"e-gallery-image elementor-gallery-item__image\" data-thumbnail=\"https:\/\/centrescaf.com\/wp-content\/uploads\/2025\/04\/zona3.jpg\" data-width=\"320\" data-height=\"320\" aria-label=\"\" role=\"img\" ><\/div>\n\t\t\t\t\t\t\t\t\t\t\t\t\t\t<\/div>\n\t\t\t\t\t\t\t<div class=\"e-gallery-item elementor-gallery-item elementor-animated-content\">\n\t\t\t\t\t<div class=\"e-gallery-image elementor-gallery-item__image\" data-thumbnail=\"https:\/\/centrescaf.com\/wp-content\/uploads\/2025\/04\/zona2.jpg\" data-width=\"320\" data-height=\"320\" aria-label=\"\" role=\"img\" ><\/div>\n\t\t\t\t\t\t\t\t\t\t\t\t\t\t<\/div>\n\t\t\t\t\t<\/div>\n\t\t\t\t\t<\/div>\n\t\t\t\t<\/div>\n\t\t\t\t\t<\/div>\n\t\t\t\t<\/div>\n\t\t<div class=\"elementor-element elementor-element-6219ed4 e-flex e-con-boxed e-con e-parent\" data-id=\"6219ed4\" data-element_type=\"container\" data-settings=\"{&quot;jet_parallax_layout_list&quot;:[]}\">\n\t\t\t\t\t<div class=\"e-con-inner\">\n\t\t\t\t<div class=\"elementor-element elementor-element-d856c4c elementor-widget elementor-widget-heading\" data-id=\"d856c4c\" data-element_type=\"widget\" data-widget_type=\"heading.default\">\n\t\t\t\t<div class=\"elementor-widget-container\">\n\t\t\t\t\t<h2 class=\"elementor-heading-title elementor-size-default\">\u2795 \u00bfPodemos tratar el dolor cr\u00f3nico asociado a las hernias discales?<\/h2>\t\t\t\t<\/div>\n\t\t\t\t<\/div>\n\t\t\t\t<div class=\"elementor-element elementor-element-5c160fa elementor-widget elementor-widget-text-editor\" data-id=\"5c160fa\" data-element_type=\"widget\" data-widget_type=\"text-editor.default\">\n\t\t\t\t<div class=\"elementor-widget-container\">\n\t\t\t\t\t\t\t\t\t<p>S\u00ed, en los <strong>CAF<\/strong> podemos tratar el dolor cr\u00f3nico asociado a las hernias discales. Aunque esta condici\u00f3n afecta a los discos intervertebrales, a menudo coexiste con una <strong>fasciopat\u00eda lumbar o gl\u00fatea<\/strong> que contribuye al dolor y a la limitaci\u00f3n funcional.<\/p>\t\t\t\t\t\t\t\t<\/div>\n\t\t\t\t<\/div>\n\t\t\t\t\t<\/div>\n\t\t\t\t<\/div>\n\t\t<div class=\"elementor-element elementor-element-b28e57a e-flex e-con-boxed e-con e-parent\" data-id=\"b28e57a\" data-element_type=\"container\" data-settings=\"{&quot;jet_parallax_layout_list&quot;:[]}\">\n\t\t\t\t\t<div class=\"e-con-inner\">\n\t\t\t\t<div class=\"elementor-element elementor-element-21b5c10 elementor-widget elementor-widget-heading\" data-id=\"21b5c10\" data-element_type=\"widget\" data-widget_type=\"heading.default\">\n\t\t\t\t<div class=\"elementor-widget-container\">\n\t\t\t\t\t<h2 class=\"elementor-heading-title elementor-size-default\">\u2795 \u00bfPodemos tratar el dolor cr\u00f3nico asociado a la artrosis?<\/h2>\t\t\t\t<\/div>\n\t\t\t\t<\/div>\n\t\t\t\t<div class=\"elementor-element elementor-element-1f92137 elementor-widget elementor-widget-text-editor\" data-id=\"1f92137\" data-element_type=\"widget\" data-widget_type=\"text-editor.default\">\n\t\t\t\t<div class=\"elementor-widget-container\">\n\t\t\t\t\t\t\t\t\t<p>S\u00ed, en los <strong>CAF<\/strong> tratamos el dolor cr\u00f3nico asociado a la artrosis. Aunque la artrosis es una condici\u00f3n degenerativa de las articulaciones, suele ir acompa\u00f1ada de disfunciones de la <strong>fascia superficial<\/strong> que pueden contribuir al dolor y a la restricci\u00f3n del movimiento. Con nuestra t\u00e9cnica especializada, abordamos esta parte fascial para ayudarte a aliviar el dolor y mejorar la funcionalidad.<\/p>\t\t\t\t\t\t\t\t<\/div>\n\t\t\t\t<\/div>\n\t\t\t\t\t<\/div>\n\t\t\t\t<\/div>\n\t\t<div class=\"elementor-element elementor-element-974551a e-flex e-con-boxed e-con e-parent\" data-id=\"974551a\" data-element_type=\"container\" data-settings=\"{&quot;jet_parallax_layout_list&quot;:[]}\">\n\t\t\t\t\t<div class=\"e-con-inner\">\n\t\t\t\t<div class=\"elementor-element elementor-element-44527d8 elementor-widget elementor-widget-heading\" data-id=\"44527d8\" data-element_type=\"widget\" data-widget_type=\"heading.default\">\n\t\t\t\t<div class=\"elementor-widget-container\">\n\t\t\t\t\t<h2 class=\"elementor-heading-title elementor-size-default\">\u2795 \u00bfPodemos tratar el dolor cr\u00f3nico residual tras ciertas cirug\u00edas?<\/h2>\t\t\t\t<\/div>\n\t\t\t\t<\/div>\n\t\t\t\t<div class=\"elementor-element elementor-element-66531d4 elementor-widget elementor-widget-text-editor\" data-id=\"66531d4\" data-element_type=\"widget\" data-widget_type=\"text-editor.default\">\n\t\t\t\t<div class=\"elementor-widget-container\">\n\t\t\t\t\t\t\t\t\t<p>S\u00ed, en los <strong>CAF<\/strong> podemos tratar el dolor cr\u00f3nico residual que a menudo aparece despu\u00e9s de ciertas cirug\u00edas. Este tipo de dolor puede estar relacionado con alteraciones de la <strong>fascia superficial<\/strong> causadas por cicatrices o tensiones residuales. Con nuestra t\u00e9cnica especializada, nos centramos en tratar estas disfunciones fasciales para ayudarte a aliviar el dolor y recuperar la movilidad.<\/p>\t\t\t\t\t\t\t\t<\/div>\n\t\t\t\t<\/div>\n\t\t\t\t\t<\/div>\n\t\t\t\t<\/div>\n\t\t<div class=\"elementor-element elementor-element-1fb7202 e-flex e-con-boxed e-con e-parent\" data-id=\"1fb7202\" data-element_type=\"container\" data-settings=\"{&quot;jet_parallax_layout_list&quot;:[]}\">\n\t\t\t\t\t<div class=\"e-con-inner\">\n\t\t\t\t<div class=\"elementor-element elementor-element-43570cf elementor-widget elementor-widget-heading\" data-id=\"43570cf\" data-element_type=\"widget\" data-widget_type=\"heading.default\">\n\t\t\t\t<div class=\"elementor-widget-container\">\n\t\t\t\t\t<h2 class=\"elementor-heading-title elementor-size-default\">\u2795 \u00bfPodemos tratar el dolor cr\u00f3nico asociado al bruxismo?<\/h2>\t\t\t\t<\/div>\n\t\t\t\t<\/div>\n\t\t\t\t<div class=\"elementor-element elementor-element-3babc51 elementor-widget elementor-widget-text-editor\" data-id=\"3babc51\" data-element_type=\"widget\" data-widget_type=\"text-editor.default\">\n\t\t\t\t<div class=\"elementor-widget-container\">\n\t\t\t\t\t\t\t\t\t<p>S\u00ed, en los <strong>CAF<\/strong> podemos tratar el dolor cr\u00f3nico asociado al bruxismo. Esta condici\u00f3n genera habitualmente tensi\u00f3n y disfunci\u00f3n en la <strong>fascia superficial<\/strong> de la mand\u00edbula, el cuello y otras zonas relacionadas.<\/p>\t\t\t\t\t\t\t\t<\/div>\n\t\t\t\t<\/div>\n\t\t\t\t\t<\/div>\n\t\t\t\t<\/div>\n\t\t<div class=\"elementor-element elementor-element-cc35e74 e-flex e-con-boxed e-con e-parent\" data-id=\"cc35e74\" data-element_type=\"container\" data-settings=\"{&quot;jet_parallax_layout_list&quot;:[]}\">\n\t\t\t\t\t<div class=\"e-con-inner\">\n\t\t\t\t<div class=\"elementor-element elementor-element-ea2942d elementor-widget elementor-widget-heading\" data-id=\"ea2942d\" data-element_type=\"widget\" data-widget_type=\"heading.default\">\n\t\t\t\t<div class=\"elementor-widget-container\">\n\t\t\t\t\t<h2 class=\"elementor-heading-title elementor-size-default\">\u2795 \u00bfPodemos tratar el dolor de la fibromialgia?<\/h2>\t\t\t\t<\/div>\n\t\t\t\t<\/div>\n\t\t\t\t<div class=\"elementor-element elementor-element-c6124ed elementor-widget elementor-widget-text-editor\" data-id=\"c6124ed\" data-element_type=\"widget\" data-widget_type=\"text-editor.default\">\n\t\t\t\t<div class=\"elementor-widget-container\">\n\t\t\t\t\t\t\t\t\t<p>S\u00ed, en los <strong>CAF<\/strong> tratamos el dolor asociado a la <strong>fibromialgia<\/strong>, una condici\u00f3n compleja que afecta a m\u00faltiples zonas del cuerpo y genera dolor cr\u00f3nico generalizado. Consideramos esta afecci\u00f3n como una <strong>fasciopat\u00eda generalizada<\/strong>, y nos centramos en tratar las \u00e1reas m\u00e1s afectadas para ayudar al paciente a aliviar el dolor y mejorar su calidad de vida.<\/p>\t\t\t\t\t\t\t\t<\/div>\n\t\t\t\t<\/div>\n\t\t\t\t\t<\/div>\n\t\t\t\t<\/div>\n\t\t<div class=\"elementor-element elementor-element-7b5208b e-flex e-con-boxed e-con e-parent\" data-id=\"7b5208b\" data-element_type=\"container\" data-settings=\"{&quot;jet_parallax_layout_list&quot;:[]}\">\n\t\t\t\t\t<div class=\"e-con-inner\">\n\t\t\t\t<div class=\"elementor-element elementor-element-c5927db elementor-widget elementor-widget-text-editor\" data-id=\"c5927db\" data-element_type=\"widget\" data-widget_type=\"text-editor.default\">\n\t\t\t\t<div class=\"elementor-widget-container\">\n\t\t\t\t\t\t\t\t\t\u00bfTienes dudas sobre si podemos ayudarte? Haznos tu consulta y te asesoraremos.\n\t\t\t\t\t\t\t\t<\/div>\n\t\t\t\t<\/div>\n\t\t\t\t\t<\/div>\n\t\t\t\t<\/div>\n\t\t\t\t<\/div>\n\t\t","protected":false},"excerpt":{"rendered":"<p>\u00bfQu\u00e9 tipo de dolor tratamos en el CAF? Conf\u00eda en nosotros tu dolor: Tratamos cualquier zona del cuerpo En los CAF tratamos el dolor, especialmente el cr\u00f3nico, en cualquier zona del cuerpo. Esto es posible porque la fascia superficial es un tejido que recubre todo el cuerpo, desde la cabeza hasta los dedos de las [&hellip;]<\/p>\n","protected":false},"author":1,"featured_media":0,"parent":0,"menu_order":3,"comment_status":"closed","ping_status":"closed","template":"","meta":{"_acf_changed":false,"footnotes":""},"class_list":["post-35","page","type-page","status-publish","hentry"],"acf":[],"_links":{"self":[{"href":"https:\/\/centrescaf.com\/es\/wp-json\/wp\/v2\/pages\/35","targetHints":{"allow":["GET"]}}],"collection":[{"href":"https:\/\/centrescaf.com\/es\/wp-json\/wp\/v2\/pages"}],"about":[{"href":"https:\/\/centrescaf.com\/es\/wp-json\/wp\/v2\/types\/page"}],"author":[{"embeddable":true,"href":"https:\/\/centrescaf.com\/es\/wp-json\/wp\/v2\/users\/1"}],"replies":[{"embeddable":true,"href":"https:\/\/centrescaf.com\/es\/wp-json\/wp\/v2\/comments?post=35"}],"version-history":[{"count":47,"href":"https:\/\/centrescaf.com\/es\/wp-json\/wp\/v2\/pages\/35\/revisions"}],"predecessor-version":[{"id":1581,"href":"https:\/\/centrescaf.com\/es\/wp-json\/wp\/v2\/pages\/35\/revisions\/1581"}],"wp:attachment":[{"href":"https:\/\/centrescaf.com\/es\/wp-json\/wp\/v2\/media?parent=35"}],"curies":[{"name":"wp","href":"https:\/\/api.w.org\/{rel}","templated":true}]}}