{"id":59,"date":"2025-04-14T16:45:38","date_gmt":"2025-04-14T14:45:38","guid":{"rendered":"https:\/\/centrescaf.com\/com-el-caf-impulsa-la-recerca\/"},"modified":"2025-04-24T12:41:31","modified_gmt":"2025-04-24T10:41:31","slug":"como-impulsa-el-caf-la-investigacion","status":"publish","type":"page","link":"https:\/\/centrescaf.com\/es\/como-impulsa-el-caf-la-investigacion\/","title":{"rendered":"\u00bfC\u00f3mo impulsa el CAF la investigaci\u00f3n?"},"content":{"rendered":"\t\t<div data-elementor-type=\"wp-page\" data-elementor-id=\"59\" class=\"elementor elementor-59 elementor-56\" data-elementor-post-type=\"page\">\n\t\t\t\t<div class=\"elementor-element elementor-element-f4dcb26 e-flex e-con-boxed e-con e-parent\" data-id=\"f4dcb26\" data-element_type=\"container\" data-settings=\"{&quot;background_background&quot;:&quot;classic&quot;,&quot;jet_parallax_layout_list&quot;:[]}\">\n\t\t\t\t\t<div class=\"e-con-inner\">\n\t\t\t\t<div class=\"elementor-element elementor-element-80e1d9d elementor-widget elementor-widget-heading\" data-id=\"80e1d9d\" data-element_type=\"widget\" data-widget_type=\"heading.default\">\n\t\t\t\t<div class=\"elementor-widget-container\">\n\t\t\t\t\t<h1 class=\"elementor-heading-title elementor-size-default\">\u00bfC\u00f3mo impulsa el CAF la investigaci\u00f3n?<\/h1>\t\t\t\t<\/div>\n\t\t\t\t<\/div>\n\t\t\t\t\t<\/div>\n\t\t\t\t<\/div>\n\t\t<div class=\"elementor-element elementor-element-c155191 e-flex e-con-boxed e-con e-parent\" data-id=\"c155191\" data-element_type=\"container\" data-settings=\"{&quot;jet_parallax_layout_list&quot;:[]}\">\n\t\t\t\t\t<div class=\"e-con-inner\">\n\t\t\t\t<div class=\"elementor-element elementor-element-d7c14a5 elementor-widget elementor-widget-image\" data-id=\"d7c14a5\" data-element_type=\"widget\" data-widget_type=\"image.default\">\n\t\t\t\t<div class=\"elementor-widget-container\">\n\t\t\t\t\t\t\t\t\t\t\t\t\t\t\t<img fetchpriority=\"high\" decoding=\"async\" width=\"600\" height=\"600\" src=\"https:\/\/centrescaf.com\/wp-content\/uploads\/2025\/04\/ico-caf-recerca-gris.png\" class=\"attachment-full size-full wp-image-997\" alt=\"\" srcset=\"https:\/\/centrescaf.com\/wp-content\/uploads\/2025\/04\/ico-caf-recerca-gris.png 600w, https:\/\/centrescaf.com\/wp-content\/uploads\/2025\/04\/ico-caf-recerca-gris-300x300.png 300w, https:\/\/centrescaf.com\/wp-content\/uploads\/2025\/04\/ico-caf-recerca-gris-150x150.png 150w\" sizes=\"(max-width: 600px) 100vw, 600px\" \/>\t\t\t\t\t\t\t\t\t\t\t\t\t\t\t<\/div>\n\t\t\t\t<\/div>\n\t\t\t\t<div class=\"elementor-element elementor-element-97c8c0f elementor-widget elementor-widget-heading\" data-id=\"97c8c0f\" data-element_type=\"widget\" data-widget_type=\"heading.default\">\n\t\t\t\t<div class=\"elementor-widget-container\">\n\t\t\t\t\t<h2 class=\"elementor-heading-title elementor-size-default\">Conf\u00eda en nosotros tu dolor: Juntos impulsamos la investigaci\u00f3n en las fasciopat\u00edas<\/h2>\t\t\t\t<\/div>\n\t\t\t\t<\/div>\n\t\t\t\t\t<\/div>\n\t\t\t\t<\/div>\n\t\t<div class=\"elementor-element elementor-element-f0d2663 e-flex e-con-boxed e-con e-parent\" data-id=\"f0d2663\" data-element_type=\"container\" data-settings=\"{&quot;jet_parallax_layout_list&quot;:[]}\">\n\t\t\t\t\t<div class=\"e-con-inner\">\n\t\t<div class=\"elementor-element elementor-element-dab6355 e-con-full e-flex e-con e-child\" data-id=\"dab6355\" data-element_type=\"container\" data-settings=\"{&quot;jet_parallax_layout_list&quot;:[]}\">\n\t\t\t\t<div class=\"elementor-element elementor-element-7b10a96 elementor-widget elementor-widget-heading\" data-id=\"7b10a96\" data-element_type=\"widget\" data-widget_type=\"heading.default\">\n\t\t\t\t<div class=\"elementor-widget-container\">\n\t\t\t\t\t<h2 class=\"elementor-heading-title elementor-size-default\">Unidad de investigaci\u00f3n del CAF: impulsando la evidencia cl\u00ednica y cient\u00edfica sobre las fasciopat\u00edas<\/h2>\t\t\t\t<\/div>\n\t\t\t\t<\/div>\n\t\t\t\t<div class=\"elementor-element elementor-element-42cbd6e elementor-widget elementor-widget-text-editor\" data-id=\"42cbd6e\" data-element_type=\"widget\" data-widget_type=\"text-editor.default\">\n\t\t\t\t<div class=\"elementor-widget-container\">\n\t\t\t\t\t\t\t\t\t<p>El CAF cuenta con una unidad de investigaci\u00f3n dirigida por la Dra. Marta Ca\u00f1is Parera, el Dr. Carles Greoles y la enfermera Susana Serrano. Esta unidad recoge datos de los pacientes para generar evidencia cl\u00ednica sobre las fasciopat\u00edas y las respuestas a los tratamientos. Gracias a nuestra especializaci\u00f3n, recopilamos informaci\u00f3n detallada sobre esta condici\u00f3n poco conocida.<\/p><p>La informaci\u00f3n obtenida se utiliza para dise\u00f1ar ensayos cl\u00ednicos en colaboraci\u00f3n con la <strong>Fasciopathies Research Foundation<\/strong>, con el objetivo de ampliar la evidencia cient\u00edfica. A corto plazo, estamos preparando estudios para comprender mejor el tejido fascial y desarrollar tratamientos m\u00e1s eficaces, as\u00ed como estrategias preventivas que mejoren la calidad de vida de los pacientes.<\/p>\t\t\t\t\t\t\t\t<\/div>\n\t\t\t\t<\/div>\n\t\t\t\t<\/div>\n\t\t<div class=\"elementor-element elementor-element-d49fef4 e-con-full e-flex e-con e-child\" data-id=\"d49fef4\" data-element_type=\"container\" data-settings=\"{&quot;jet_parallax_layout_list&quot;:[]}\">\n\t\t\t\t<div class=\"elementor-element elementor-element-368f245 elementor-widget elementor-widget-heading\" data-id=\"368f245\" data-element_type=\"widget\" data-widget_type=\"heading.default\">\n\t\t\t\t<div class=\"elementor-widget-container\">\n\t\t\t\t\t<h2 class=\"elementor-heading-title elementor-size-default\">Colaboraci\u00f3n con la Fasciopathies Research Foundation para avanzar en la investigaci\u00f3n<\/h2>\t\t\t\t<\/div>\n\t\t\t\t<\/div>\n\t\t\t\t<div class=\"elementor-element elementor-element-421378f elementor-widget elementor-widget-text-editor\" data-id=\"421378f\" data-element_type=\"widget\" data-widget_type=\"text-editor.default\">\n\t\t\t\t<div class=\"elementor-widget-container\">\n\t\t\t\t\t\t\t\t\t<p>En el CAF, estamos comprometidos con el avance de la investigaci\u00f3n sobre las fasciopat\u00edas. Por ello, destinamos un 2\u202f% de los beneficios de cada consulta a la <strong>Fasciopathies Research Foundation (FRF)<\/strong>. As\u00ed, con cada visita no solo mejoras tu salud, sino que tambi\u00e9n contribuyes al desarrollo de soluciones para el dolor cr\u00f3nico.<\/p><p>La Fasciopathies Research Foundation, con su compromiso con la divulgaci\u00f3n del conocimiento sobre las fasciopat\u00edas, investiga las causas de este trastorno y busca nuevas formas de comprenderlo. Qui\u00e9n sabe, quiz\u00e1s en el futuro desarrollemos tratamientos preventivos que ayuden a evitar estas condiciones. Juntos, podemos mejorar la calidad de vida de muchas personas.<\/p>\t\t\t\t\t\t\t\t<\/div>\n\t\t\t\t<\/div>\n\t\t\t\t<\/div>\n\t\t\t\t\t<\/div>\n\t\t\t\t<\/div>\n\t\t<div class=\"elementor-element elementor-element-e4b3d8c e-flex e-con-boxed e-con e-parent\" data-id=\"e4b3d8c\" data-element_type=\"container\" data-settings=\"{&quot;jet_parallax_layout_list&quot;:[]}\">\n\t\t\t\t\t<div class=\"e-con-inner\">\n\t\t<div class=\"elementor-element elementor-element-a9e741e e-con-full e-flex e-con e-child\" data-id=\"a9e741e\" data-element_type=\"container\" data-settings=\"{&quot;jet_parallax_layout_list&quot;:[]}\">\n\t\t\t\t<\/div>\n\t\t<div class=\"elementor-element elementor-element-f8bf31d e-con-full e-flex e-con e-child\" data-id=\"f8bf31d\" data-element_type=\"container\" data-settings=\"{&quot;jet_parallax_layout_list&quot;:[]}\">\n\t\t\t\t<div class=\"elementor-element elementor-element-13895e9 elementor-widget elementor-widget-image\" data-id=\"13895e9\" data-element_type=\"widget\" data-widget_type=\"image.default\">\n\t\t\t\t<div class=\"elementor-widget-container\">\n\t\t\t\t\t\t\t\t\t\t\t\t\t\t\t\t<a href=\"https:\/\/fasciopathiesresearchfoundation.org\/\" target=\"_blank\">\n\t\t\t\t\t\t\t<img decoding=\"async\" width=\"1280\" height=\"1153\" src=\"https:\/\/centrescaf.com\/wp-content\/uploads\/2025\/04\/foto-recerca.jpg\" class=\"attachment-full size-full wp-image-1010\" alt=\"\" srcset=\"https:\/\/centrescaf.com\/wp-content\/uploads\/2025\/04\/foto-recerca.jpg 1280w, https:\/\/centrescaf.com\/wp-content\/uploads\/2025\/04\/foto-recerca-300x270.jpg 300w, https:\/\/centrescaf.com\/wp-content\/uploads\/2025\/04\/foto-recerca-1024x922.jpg 1024w, https:\/\/centrescaf.com\/wp-content\/uploads\/2025\/04\/foto-recerca-768x692.jpg 768w\" sizes=\"(max-width: 1280px) 100vw, 1280px\" \/>\t\t\t\t\t\t\t\t<\/a>\n\t\t\t\t\t\t\t\t\t\t\t\t\t\t\t<\/div>\n\t\t\t\t<\/div>\n\t\t\t\t<\/div>\n\t\t\t\t\t<\/div>\n\t\t\t\t<\/div>\n\t\t\t\t<\/div>\n\t\t","protected":false},"excerpt":{"rendered":"<p>\u00bfC\u00f3mo impulsa el CAF la investigaci\u00f3n? Conf\u00eda en nosotros tu dolor: Juntos impulsamos la investigaci\u00f3n en las fasciopat\u00edas Unidad de investigaci\u00f3n del CAF: impulsando la evidencia cl\u00ednica y cient\u00edfica sobre las fasciopat\u00edas El CAF cuenta con una unidad de investigaci\u00f3n dirigida por la Dra. Marta Ca\u00f1is Parera, el Dr. Carles Greoles y la enfermera Susana [&hellip;]<\/p>\n","protected":false},"author":1,"featured_media":0,"parent":0,"menu_order":7,"comment_status":"closed","ping_status":"closed","template":"","meta":{"_acf_changed":false,"footnotes":""},"class_list":["post-59","page","type-page","status-publish","hentry"],"acf":[],"_links":{"self":[{"href":"https:\/\/centrescaf.com\/es\/wp-json\/wp\/v2\/pages\/59","targetHints":{"allow":["GET"]}}],"collection":[{"href":"https:\/\/centrescaf.com\/es\/wp-json\/wp\/v2\/pages"}],"about":[{"href":"https:\/\/centrescaf.com\/es\/wp-json\/wp\/v2\/types\/page"}],"author":[{"embeddable":true,"href":"https:\/\/centrescaf.com\/es\/wp-json\/wp\/v2\/users\/1"}],"replies":[{"embeddable":true,"href":"https:\/\/centrescaf.com\/es\/wp-json\/wp\/v2\/comments?post=59"}],"version-history":[{"count":17,"href":"https:\/\/centrescaf.com\/es\/wp-json\/wp\/v2\/pages\/59\/revisions"}],"predecessor-version":[{"id":1602,"href":"https:\/\/centrescaf.com\/es\/wp-json\/wp\/v2\/pages\/59\/revisions\/1602"}],"wp:attachment":[{"href":"https:\/\/centrescaf.com\/es\/wp-json\/wp\/v2\/media?parent=59"}],"curies":[{"name":"wp","href":"https:\/\/api.w.org\/{rel}","templated":true}]}}