{"id":65,"date":"2025-04-14T16:46:18","date_gmt":"2025-04-14T14:46:18","guid":{"rendered":"https:\/\/centrescaf.com\/blog\/"},"modified":"2025-04-24T12:42:52","modified_gmt":"2025-04-24T10:42:52","slug":"blog","status":"publish","type":"page","link":"https:\/\/centrescaf.com\/es\/blog\/","title":{"rendered":"Blog"},"content":{"rendered":"\t\t<div data-elementor-type=\"wp-page\" data-elementor-id=\"65\" class=\"elementor elementor-65 elementor-62\" data-elementor-post-type=\"page\">\n\t\t\t\t<div class=\"elementor-element elementor-element-0c861c6 e-flex e-con-boxed e-con e-parent\" data-id=\"0c861c6\" data-element_type=\"container\" data-settings=\"{&quot;background_background&quot;:&quot;classic&quot;,&quot;jet_parallax_layout_list&quot;:[]}\">\n\t\t\t\t\t<div class=\"e-con-inner\">\n\t\t\t\t<div class=\"elementor-element elementor-element-978024e elementor-widget elementor-widget-heading\" data-id=\"978024e\" data-element_type=\"widget\" data-widget_type=\"heading.default\">\n\t\t\t\t<div class=\"elementor-widget-container\">\n\t\t\t\t\t<h1 class=\"elementor-heading-title elementor-size-default\">Blog<\/h1>\t\t\t\t<\/div>\n\t\t\t\t<\/div>\n\t\t\t\t\t<\/div>\n\t\t\t\t<\/div>\n\t\t<div class=\"elementor-element elementor-element-c4ae762 e-flex e-con-boxed e-con e-parent\" data-id=\"c4ae762\" data-element_type=\"container\" data-settings=\"{&quot;jet_parallax_layout_list&quot;:[]}\">\n\t\t\t\t\t<div class=\"e-con-inner\">\n\t\t\t\t<div class=\"elementor-element elementor-element-ac2e689 elementor-widget elementor-widget-image\" data-id=\"ac2e689\" data-element_type=\"widget\" data-widget_type=\"image.default\">\n\t\t\t\t<div class=\"elementor-widget-container\">\n\t\t\t\t\t\t\t\t\t\t\t\t\t\t\t<img fetchpriority=\"high\" decoding=\"async\" width=\"600\" height=\"600\" src=\"https:\/\/centrescaf.com\/wp-content\/uploads\/2025\/04\/ico-caf-blog-gris.png\" class=\"attachment-full size-full wp-image-1443\" alt=\"\" srcset=\"https:\/\/centrescaf.com\/wp-content\/uploads\/2025\/04\/ico-caf-blog-gris.png 600w, https:\/\/centrescaf.com\/wp-content\/uploads\/2025\/04\/ico-caf-blog-gris-300x300.png 300w, https:\/\/centrescaf.com\/wp-content\/uploads\/2025\/04\/ico-caf-blog-gris-150x150.png 150w\" sizes=\"(max-width: 600px) 100vw, 600px\" \/>\t\t\t\t\t\t\t\t\t\t\t\t\t\t\t<\/div>\n\t\t\t\t<\/div>\n\t\t\t\t\t<\/div>\n\t\t\t\t<\/div>\n\t\t<div class=\"elementor-element elementor-element-6c4295b e-flex e-con-boxed e-con e-parent\" data-id=\"6c4295b\" data-element_type=\"container\" data-settings=\"{&quot;jet_parallax_layout_list&quot;:[]}\">\n\t\t\t\t\t<div class=\"e-con-inner\">\n\t\t\t\t<div class=\"elementor-element elementor-element-76bd7c4 elementor-widget elementor-widget-jet-posts\" data-id=\"76bd7c4\" data-element_type=\"widget\" data-settings=\"{&quot;columns&quot;:3,&quot;slides_to_scroll&quot;:&quot;1&quot;}\" data-widget_type=\"jet-posts.default\">\n\t\t\t\t<div class=\"elementor-widget-container\">\n\t\t\t\t\t<div class=\"elementor-jet-posts jet-elements\"><div class=\"jet-posts col-row  jet-equal-cols\"><div class=\"jet-posts__item\">\n\t<div class=\"jet-posts__inner-box\"><div class=\"post-thumbnail\"><a href=\"https:\/\/centrescaf.com\/es\/una-nueva-vision-del-sindrome-fibromialgico-la-fasciopatia-generalizada-y-el-papel-de-la-tecnica-pms\/\" class=\"post-thumbnail__link\"><img loading=\"lazy\" decoding=\"async\" class=\"post-thumbnail__img wp-post-image\" src=\"https:\/\/centrescaf.com\/wp-content\/uploads\/2025\/04\/fibromialgia.jpg\" alt=\"Una nueva visi\u00f3n del s\u00edndrome fibromi\u00e1lgico: la fasciopat\u00eda generalizada y el papel de la t\u00e9cnica PMS\" loading=\"lazy\" width=\"1024\" height=\"1024\"><\/a><\/div><div class=\"jet-posts__inner-content\"><h2 class=\"entry-title\"><a href=\"https:\/\/centrescaf.com\/es\/una-nueva-vision-del-sindrome-fibromialgico-la-fasciopatia-generalizada-y-el-papel-de-la-tecnica-pms\/\" target=\"\">Una nueva visi\u00f3n del s\u00edndrome fibromi\u00e1lgico: la fasciopat\u00eda generalizada y el papel de la t\u00e9cnica PMS<\/a><\/h2><div class=\"post-meta\"><span class=\"post__date post-meta__item\"><a href=\"https:\/\/centrescaf.com\/es\/2025\/04\/24\/\"  class=\"post__date-link\" ><time datetime=\"2025-04-24T09:50:32+02:00\" title=\"2025-04-24T09:50:32+02:00\">24 de abril de 2025<\/time><\/a><\/span><\/div><div class=\"entry-excerpt\">\u00bfPor qu\u00e9 la fibromialgia no es una enfermedad, sino un s\u00edndrome? El t\u00e9rmino enfermedad se refiere a una alteraci\u00f3n del organismo que tiene una causa conocida, una evoluci\u00f3n previsible y&hellip;<\/div><div class=\"jet-more-wrap\"><a href=\"https:\/\/centrescaf.com\/es\/una-nueva-vision-del-sindrome-fibromialgico-la-fasciopatia-generalizada-y-el-papel-de-la-tecnica-pms\/\" class=\"btn btn-primary elementor-button elementor-size-md jet-more\" target=\"\"><span class=\"btn__text\">Llegir +<\/span><\/a><\/div><\/div><\/div>\n<\/div>\n<div class=\"jet-posts__item\">\n\t<div class=\"jet-posts__inner-box\"><div class=\"post-thumbnail\"><a href=\"https:\/\/centrescaf.com\/es\/lo-que-no-te-dicen-cuando-te-recetan-opioides\/\" class=\"post-thumbnail__link\"><img loading=\"lazy\" decoding=\"async\" class=\"post-thumbnail__img wp-post-image\" src=\"https:\/\/centrescaf.com\/wp-content\/uploads\/2025\/04\/Imatge-blog-2.jpg\" alt=\"Lo que no te dicen cuando te recetan opioides\" loading=\"lazy\" width=\"800\" height=\"800\"><\/a><\/div><div class=\"jet-posts__inner-content\"><h2 class=\"entry-title\"><a href=\"https:\/\/centrescaf.com\/es\/lo-que-no-te-dicen-cuando-te-recetan-opioides\/\" target=\"\">Lo que no te dicen cuando te recetan opioides<\/a><\/h2><div class=\"post-meta\"><span class=\"post__date post-meta__item\"><a href=\"https:\/\/centrescaf.com\/es\/2025\/04\/23\/\"  class=\"post__date-link\" ><time datetime=\"2025-04-23T18:40:32+02:00\" title=\"2025-04-23T18:40:32+02:00\">23 de abril de 2025<\/time><\/a><\/span><\/div><div class=\"entry-excerpt\">Cada a\u00f1o, miles de personas comienzan a tomar opioides para aliviar el dolor. Muchas de ellas no saben que lo que empieza como una soluci\u00f3n temporal puede acabar siendo una&hellip;<\/div><div class=\"jet-more-wrap\"><a href=\"https:\/\/centrescaf.com\/es\/lo-que-no-te-dicen-cuando-te-recetan-opioides\/\" class=\"btn btn-primary elementor-button elementor-size-md jet-more\" target=\"\"><span class=\"btn__text\">Llegir +<\/span><\/a><\/div><\/div><\/div>\n<\/div>\n<div class=\"jet-posts__item\">\n\t<div class=\"jet-posts__inner-box\"><div class=\"post-thumbnail\"><a href=\"https:\/\/centrescaf.com\/es\/una-nueva-manera-de-entender-el-dolor-cronico-que-lo-cambiara-todo\/\" class=\"post-thumbnail__link\"><img loading=\"lazy\" decoding=\"async\" class=\"post-thumbnail__img wp-post-image\" src=\"https:\/\/centrescaf.com\/wp-content\/uploads\/2025\/04\/dolor-cronic-1536x1536.jpg\" alt=\"Una nueva manera de entender el dolor cr\u00f3nico que lo cambiar\u00e1 todo\" loading=\"lazy\" width=\"1536\" height=\"1536\"><\/a><\/div><div class=\"jet-posts__inner-content\"><h2 class=\"entry-title\"><a href=\"https:\/\/centrescaf.com\/es\/una-nueva-manera-de-entender-el-dolor-cronico-que-lo-cambiara-todo\/\" target=\"\">Una nueva manera de entender el dolor cr\u00f3nico que lo cambiar\u00e1 todo<\/a><\/h2><div class=\"post-meta\"><span class=\"post__date post-meta__item\"><a href=\"https:\/\/centrescaf.com\/es\/2025\/04\/23\/\"  class=\"post__date-link\" ><time datetime=\"2025-04-23T14:44:12+02:00\" title=\"2025-04-23T14:44:12+02:00\">23 de abril de 2025<\/time><\/a><\/span><\/div><div class=\"entry-excerpt\">El dolor cr\u00f3nico afecta a millones de personas en todo el mundo y sigue siendo una de las grandes causas de sufrimiento humano pendientes de resolver por las ciencias m\u00e9dicas.&hellip;<\/div><div class=\"jet-more-wrap\"><a href=\"https:\/\/centrescaf.com\/es\/una-nueva-manera-de-entender-el-dolor-cronico-que-lo-cambiara-todo\/\" class=\"btn btn-primary elementor-button elementor-size-md jet-more\" target=\"\"><span class=\"btn__text\">Llegir +<\/span><\/a><\/div><\/div><\/div>\n<\/div>\n<\/div>\n<\/div>\t\t\t\t<\/div>\n\t\t\t\t<\/div>\n\t\t\t\t\t<\/div>\n\t\t\t\t<\/div>\n\t\t\t\t<\/div>\n\t\t","protected":false},"excerpt":{"rendered":"<p>Blog Una nova visi\u00f3 del s\u00edndrome fibromi\u00e0lgic: la fasciopatia generalitzada i el paper de la t\u00e8cnica PMS 24 de abril de 2025Per qu\u00e8 la fibromi\u00e0lgia no \u00e9s una malaltia, sin\u00f3 un s\u00edndrome? El terme malaltia fa refer\u00e8ncia a una alteraci\u00f3 de l&#8217;organisme que t\u00e9 una causa coneguda, una evoluci\u00f3 previsible i&hellip;Llegir + El que no [&hellip;]<\/p>\n","protected":false},"author":1,"featured_media":0,"parent":0,"menu_order":8,"comment_status":"closed","ping_status":"closed","template":"","meta":{"_acf_changed":false,"footnotes":""},"class_list":["post-65","page","type-page","status-publish","hentry"],"acf":[],"_links":{"self":[{"href":"https:\/\/centrescaf.com\/es\/wp-json\/wp\/v2\/pages\/65","targetHints":{"allow":["GET"]}}],"collection":[{"href":"https:\/\/centrescaf.com\/es\/wp-json\/wp\/v2\/pages"}],"about":[{"href":"https:\/\/centrescaf.com\/es\/wp-json\/wp\/v2\/types\/page"}],"author":[{"embeddable":true,"href":"https:\/\/centrescaf.com\/es\/wp-json\/wp\/v2\/users\/1"}],"replies":[{"embeddable":true,"href":"https:\/\/centrescaf.com\/es\/wp-json\/wp\/v2\/comments?post=65"}],"version-history":[{"count":10,"href":"https:\/\/centrescaf.com\/es\/wp-json\/wp\/v2\/pages\/65\/revisions"}],"predecessor-version":[{"id":1613,"href":"https:\/\/centrescaf.com\/es\/wp-json\/wp\/v2\/pages\/65\/revisions\/1613"}],"wp:attachment":[{"href":"https:\/\/centrescaf.com\/es\/wp-json\/wp\/v2\/media?parent=65"}],"curies":[{"name":"wp","href":"https:\/\/api.w.org\/{rel}","templated":true}]}}